{"id":12,"date":"2025-01-03T17:36:01","date_gmt":"2025-01-03T16:36:01","guid":{"rendered":"https:\/\/desarrollo.portview.app\/?page_id=12"},"modified":"2025-05-26T16:14:41","modified_gmt":"2025-05-26T14:14:41","slug":"politica-de-cookies","status":"publish","type":"page","link":"https:\/\/portview.app\/en\/politica-de-cookies\/","title":{"rendered":"Cookie Policy"},"content":{"rendered":"\n<p><strong>1. INTRODUCCI\u00d3N. ACEPTACI\u00d3N DE LOS T\u00c9RMINOS Y CONDICIONES<\/strong>&nbsp;<\/p>\n\n\n\n<p>El presente documento (conjuntamente con todos los documentos en \u00e9l mencionados) establece las condiciones por las que se rige el uso de PORTVIEW PLATAFORMA (la \u201cPlataforma\u201d) y la contrataci\u00f3n de servicios (en adelante, las \u201cCondiciones\u201d), cualquiera que sea el aplicativo, medio digital, soporte o dispositivo a trav\u00e9s del que se pueda acceder.&nbsp;&nbsp;<\/p>\n\n\n\n<p>Le rogamos que lea atentamente las presentes Condiciones y nuestra Pol\u00edtica de Privacidad y Cookies (&#8216;Pol\u00edtica de Privacidad y Cookies&#8217;) antes de usar nuestra aplicaci\u00f3n o p\u00e1gina web.&nbsp;&nbsp;<\/p>\n\n\n\n<p>Al utilizar nuestra plataforma usted consiente quedar vinculado por estas Condiciones y por nuestra Pol\u00edtica de Privacidad y Cookies, por lo que si no est\u00e1 usted de acuerdo con todas las Condiciones y con la Pol\u00edtica de Privacidad y Cookies, no debe usar ninguna de las dos. Ahora bien, el titular de la p\u00e1gina podr\u00e1, sin previo aviso, modificar estas condiciones cuando lo considere necesario para su adecuado funcionamiento.&nbsp;<\/p>\n\n\n\n<p><strong>2. INFORMACI\u00d3N GENERAL<\/strong>&nbsp;<\/p>\n\n\n\n<p>En cumplimiento con el deber de informaci\u00f3n recogido en art\u00edculo 10 de la Ley 34\/2002, de 11 de julio, de Servicios de la Sociedad de la Informaci\u00f3n y del Comercio Electr\u00f3nico, a continuaci\u00f3n se reflejan los siguientes datos del responsable:&nbsp;<\/p>\n\n\n\n<ul class=\"wp-block-list\">\n<li><strong>Denominaci\u00f3n social:<\/strong> Port Software Solutions, S.L. (\u201cPORTVIEW\u201d)&nbsp;<\/li>\n<\/ul>\n\n\n\n<ul class=\"wp-block-list\">\n<li><strong>NIF:<\/strong> B44608495&nbsp;<\/li>\n<\/ul>\n\n\n\n<ul class=\"wp-block-list\">\n<li><strong>Domicilio social:<\/strong> C\/ Marques De Sotelo 137 21 46003 &#8211; Valencia&nbsp;<\/li>\n<\/ul>\n\n\n\n<ul class=\"wp-block-list\">\n<li><strong>Datos registrales:<\/strong> Inscrita en el Registro Mercantil de Valencia, al Tomo 11308, Libro 8586, Folio 41, Secci\u00f3n 8\u00aa, Hoja V 208867, Inscripci\u00f3n 1\u00aa&nbsp;<\/li>\n<\/ul>\n\n\n\n<ul class=\"wp-block-list\">\n<li><strong>E-mail:<\/strong> [*]&nbsp;<\/li>\n<\/ul>\n\n\n\n<p><strong>3. MODIFICACI\u00d3N DE LAS CONDICIONES<\/strong>&nbsp;<\/p>\n\n\n\n<p>PORTVIEW puede cambiar unilateralmente cualquier parte de los Condiciones sin avisarte con antelaci\u00f3n para reflejar cualquier cambio normativo, cambios en las caracter\u00edsticas de Plataforma y\/o los servicios ofrecidos en ellas o por cualquier otro motivo.&nbsp;<\/p>\n\n\n\n<p>Una vez las Condiciones actualizadas est\u00e9n en vigor, estar\u00e1s obligado por ellas si contin\u00faas utilizando la Plataforma.&nbsp;<\/p>\n\n\n\n<p><strong>4. FINALIDAD DE LA PLATAFORMA&nbsp;<\/strong>&nbsp;<\/p>\n\n\n\n<p>La Plataforma es un software dise\u00f1ado para facilitar la gesti\u00f3n y reserva de los amarres portuarios.&nbsp;&nbsp;<\/p>\n\n\n\n<p>Para la consecuci\u00f3n de dicha finalidad, la Plataforma requiere de la autorizaci\u00f3n de determinados permisos durante su instalaci\u00f3n, as\u00ed como del acceso a determinada informaci\u00f3n contenida en su dispositivo m\u00f3vil. En concreto de la localizaci\u00f3n o ubicaci\u00f3n y a la biblioteca de su m\u00f3vil, ya que se acceder\u00e1 puesto que son necesarios para el correcto desarrollo de las funcionalidades de la aplicaci\u00f3n.&nbsp;<\/p>\n\n\n\n<p>Asimismo, la Plataforma ofrece el servicio de escaneo de documentaci\u00f3n y env\u00edo de recordatorios sobre renovaciones y otros hechos relevantes sobre los documentos escaneados. La responsabilidad sobre la documentaci\u00f3n escaneada pertenece al usuario y, en ning\u00fan caso, PORTVIEW asume responsabilidad alguna por la detecci\u00f3n de informaci\u00f3n err\u00f3nea a partir del escaneo de los documentos. El usuario deber\u00e1 comprobar aquellos datos que hayan sido obtenidos a partir del escaneo y corregir aquellos que sean err\u00f3neos.&nbsp;&nbsp;<\/p>\n\n\n\n<p><strong>5. ACCESO A LA PLATAFORMA Y CAMBIOS<\/strong>&nbsp;<\/p>\n\n\n\n<p>El acceso a la Plataforma no requiere el registro previo de los Usuarios. No obstante, para consultar determinados contenidos de la Plataforma as\u00ed como emplear el servicio de gesti\u00f3n de amarres y recibir los boletines de noticias, ser\u00e1 necesario el registro del Usuario siguiendo el procedimiento oportuno.&nbsp;<\/p>\n\n\n\n<p>Para registrarte deber\u00e1s tener plena capacidad de obrar. En caso de que seas menor de edad, deber\u00e1s contar con la autorizaci\u00f3n expresa de tu padre, madre o tutor.&nbsp;&nbsp;<\/p>\n\n\n\n<p>Cuando te registres en la Plataforma:&nbsp;&nbsp;<\/p>\n\n\n\n<ul class=\"wp-block-list\">\n<li>deber\u00e1s asegurarte de que los datos introducidos durante el proceso de registro sean exactos, actuales, veraces y completos;&nbsp;<\/li>\n<\/ul>\n\n\n\n<ul class=\"wp-block-list\">\n<li>aceptas recibir comunicaciones de PORTVIEW electr\u00f3nicamente;&nbsp;<\/li>\n<\/ul>\n\n\n\n<ul class=\"wp-block-list\">\n<li>mantendr\u00e1s tu cuenta, ID y contrase\u00f1a confidenciales y seguros;&nbsp;&nbsp;<\/li>\n<\/ul>\n\n\n\n<ul class=\"wp-block-list\">\n<li>te pondr\u00e1s en contacto con PORTVIEW de inmediato si crees que alguien ha utilizado o est\u00e1 utilizando tu cuenta sin tu permiso; y&nbsp;&nbsp;<\/li>\n<\/ul>\n\n\n\n<ul class=\"wp-block-list\">\n<li>ser\u00e1s el responsable de toda la actividad en tu cuenta.&nbsp;&nbsp;<\/li>\n<\/ul>\n\n\n\n<p>Tu cuenta es personal e intransferible, es decir, no puede ser vendida, transmitida, cedida, arrendada total o parcialmente a ning\u00fan tercero.&nbsp;<\/p>\n\n\n\n<p>PORTVIEW puede actualizar, cambiar, suspender, interrumpir o restringir la disponibilidad de la Plataforma o de cualquier Contenido en cualquier momento por cualquier motivo. PORTVIEW no garantiza que la Plataforma ni cualquier Contenido est\u00e9 siempre disponible o accesible sin interrupci\u00f3n.&nbsp;<\/p>\n\n\n\n<p>PORTVIEW puede cancelar o suspender tu cuenta en cualquier momento a su sola discreci\u00f3n. Tambi\u00e9n puede cancelar y eliminar cualquier Contenido a su discreci\u00f3n. PORTVIEW puede, pero no est\u00e1 obligado a, examinar de forma proactiva el contenido, datos introducidos en la Plataforma, los informes o denuncias de posibles violaciones o incumplimientos para asegurar el cumplimiento de las presentes Condiciones. En caso de incumplimiento, PORTVIEW puede cancelar la cuenta del Usuario incumplidor.&nbsp;<\/p>\n\n\n\n<p><strong>6. INDEMNIDAD<\/strong>&nbsp;<\/p>\n\n\n\n<p>PORTVIEW no ejerce ning\u00fan control sobre el contenido o datos facilitados por el Usuario, ni asume ninguna responsabilidad sobre los mismos ni tiene ninguna obligaci\u00f3n de supervisar o monitorizar el contenido o datos.&nbsp;&nbsp;<\/p>\n\n\n\n<p>El Usuario es el \u00fanico responsable de que los documentos escaneados, el contenido o datos facilitados se ajusta a los t\u00e9rminos indicados en el apartado anterior, por lo que ser\u00e1s el \u00fanico responsable de cualquier da\u00f1o que PORTVIEW sufra como consecuencia del incumplimiento o falsedad de dichos t\u00e9rminos. En consecuencia, nos mantendr\u00e1s plenamente indemnes de cualquier reclamaci\u00f3n derivada o relacionada con el contenido o datos facilitados en la Plataforma.&nbsp;<\/p>\n\n\n\n<p><strong>7. DERECHOS DE PROPIEDAD INDUSTRIAL E INTELECTUAL<\/strong>&nbsp;<\/p>\n\n\n\n<p>La totalidad de las aplicaciones o programas inform\u00e1ticos que hacen posible PORTVIEW, incluyendo el dise\u00f1o del sitio web, sus bases de datos (incluyendo la de plantillas o modelos de documentos), estructura de navegaci\u00f3n, textos, im\u00e1genes, animaciones, logotipos o nombres, son titularidad de PORTVIEW o, cuando se indica, corresponden a terceros que autorizan su uso e integraci\u00f3n en la Plataforma, y est\u00e1n protegidos por las leyes y tratados sobre propiedad intelectual e industrial.&nbsp;<\/p>\n\n\n\n<p>Queda prohibida toda reproducci\u00f3n, transformaci\u00f3n, distribuci\u00f3n de dichos contenidos, as\u00ed como cualquier acto de descompilaci\u00f3n o ingenier\u00eda inversa, fuera de la visualizaci\u00f3n, reproducci\u00f3n, o edici\u00f3n de documentos. En ning\u00fan caso se permite la extracci\u00f3n, reutilizaci\u00f3n o explotaci\u00f3n de tales contenidos cuando supongan actos contrarios a una explotaci\u00f3n normal de los mismos, especialmente su utilizaci\u00f3n con fines comerciales o promocionales al margen de PORTVIEW o&nbsp; cuando perjudiquen los derechos morales de PORTVIEW o de explotaci\u00f3n de PORTVIEW.&nbsp;<\/p>\n\n\n\n<p>El usuario reconoce expresamente que la propiedad industrial de la Plataforma, pertenece a PORTVIEW, y se obliga a respetar estos derechos y no disputar o cuestionar la validez de los mismos.&nbsp;<\/p>\n\n\n\n<p><strong>8. UTILIZACI\u00d3N CORRECTA DE LA PLATAFORMA Y REGLAS DE CONDUCTA<\/strong>&nbsp;<\/p>\n\n\n\n<p>Como usuario de la Plataforma te obligas a cumplir con los siguientes t\u00e9rminos de uso:&nbsp;&nbsp;<\/p>\n\n\n\n<ul class=\"wp-block-list\">\n<li>No utilizar la Plataforma en ning\u00fan modo de forma, con fines o efectos contrarios a la ley, a la moral y a las buenas costumbres generalmente aceptadas o al orden p\u00fablico.&nbsp;<\/li>\n<\/ul>\n\n\n\n<ul class=\"wp-block-list\">\n<li>No utilizar la Plataforma excepto para tu uso personal y no vender, ceder, transferir ni compartir tu cuenta ni ning\u00fan contenido obtenido de tu uso de la Plataforma a ninguna persona.&nbsp;<\/li>\n<\/ul>\n\n\n\n<ul class=\"wp-block-list\">\n<li>No realizar actos que puedan vulnerar cualesquiera derechos de propiedad intelectual o industrial pertenecientes a PORTVIEW o a terceros.&nbsp;<\/li>\n<\/ul>\n\n\n\n<ul class=\"wp-block-list\">\n<li>No reproducir, copiar, grabar, compartir, comunicar, distribuir, permitir el acceso al p\u00fablico a trav\u00e9s de cualquier modalidad de comunicaci\u00f3n p\u00fablica, transformar o modificar el contenido ni crear trabajos derivados de ning\u00fan contenido. El \u00fanico uso del Contenido autorizado es el permitido conforme a lo previsto en las Condiciones.&nbsp;&nbsp;<\/li>\n<\/ul>\n\n\n\n<ul class=\"wp-block-list\">\n<li>No emplear la informaci\u00f3n de cualquier clase obtenida a trav\u00e9s de la Plataforma para remitir publicidad, comunicaciones con fines de venta directa o con cualquier otra clase de finalidad comercial.&nbsp;&nbsp;<\/li>\n<\/ul>\n\n\n\n<ul class=\"wp-block-list\">\n<li>No hacerte pasar por otra persona u organizaci\u00f3n.&nbsp;<\/li>\n<\/ul>\n\n\n\n<ul class=\"wp-block-list\">\n<li>No utilizar un lenguaje irrespetuoso ni ofensivo ni utilizar la Plataforma para intimidar, acosar o amenazar a nadie.&nbsp;&nbsp;<\/li>\n<\/ul>\n\n\n\n<ul class=\"wp-block-list\">\n<li>No presentar, citar y recomendar empresas o portales web y en general realizar acciones de marketing o spam.&nbsp;&nbsp;<\/li>\n<\/ul>\n\n\n\n<ul class=\"wp-block-list\">\n<li>No cargar, publicar, mostrar ni compartir cualquier contenido que:&nbsp;&nbsp;<\/li>\n<\/ul>\n\n\n\n<ul class=\"wp-block-list\">\n<li>d\u00e9 la impresi\u00f3n de que est\u00e1 aprobado, respaldado o supervisado por PORTVIEW;&nbsp;<\/li>\n<\/ul>\n\n\n\n<ul class=\"wp-block-list\">\n<li>contenga o se refiera a datos personales o informaci\u00f3n de cualquier persona;&nbsp;&nbsp;<\/li>\n<\/ul>\n\n\n\n<ul class=\"wp-block-list\">\n<li>muestre, incluya o se refiera a cualquier persona si no se ha obtenido su consentimiento expreso;&nbsp;<\/li>\n<\/ul>\n\n\n\n<ul class=\"wp-block-list\">\n<li>publicite o anuncie bienes, servicios o imagen de terceros;&nbsp;<\/li>\n<\/ul>\n\n\n\n<ul class=\"wp-block-list\">\n<li>sea ilegal, fraudulento, difamatorio, discriminatorio, amenazante, acosador, que fomente o promueva la violencia o cualquier actividad ilegal;&nbsp;<\/li>\n<\/ul>\n\n\n\n<ul class=\"wp-block-list\">\n<li>muestre, promueva o haga referencia a violencia en cualquier forma, drogas, armas, material escatol\u00f3gico ni contenidos similares;&nbsp;<\/li>\n<\/ul>\n\n\n\n<ul class=\"wp-block-list\">\n<li>contenga, promueva o se refiera a cualquier discurso de odio contra cualquier individuo o colectivo;&nbsp;<\/li>\n<\/ul>\n\n\n\n<ul class=\"wp-block-list\">\n<li>promueva o est\u00e9 relacionado con actividades comerciales o ventas de terceros.&nbsp;<\/li>\n<\/ul>\n\n\n\n<ul class=\"wp-block-list\">\n<li>No utilizar ni participar en conductas enga\u00f1osas o que puedan inducir a error a cualquier Usuario.&nbsp;<\/li>\n<\/ul>\n\n\n\n<ul class=\"wp-block-list\">\n<li>No hacerte pasar por PORTVIEW ni por sus empleados, por otro Usuario ni sugerir ninguna relaci\u00f3n asociativa ni comercial con PORTVIEW.&nbsp;<\/li>\n<\/ul>\n\n\n\n<ul class=\"wp-block-list\">\n<li>No introducir a sabiendas en la Plataforma ning\u00fan elemento que pudiera ser malicioso, como virus, troyanos, etc.&nbsp;<\/li>\n<\/ul>\n\n\n\n<ul class=\"wp-block-list\">\n<li>No intentar descubrir de ninguna manera el c\u00f3digo fuente de la Plataforma.&nbsp;<\/li>\n<\/ul>\n\n\n\n<p><strong>9. OBLIGACIONES DEL USUARIO&nbsp;<\/strong>&nbsp;<\/p>\n\n\n\n<p>EL usuario declara conocer y aceptar que:&nbsp;<\/p>\n\n\n\n<ul class=\"wp-block-list\">\n<li>Es responsable de la custodia de la contrase\u00f1a, debiendo ponerse en contacto con PORTVIEW en caso de sustracci\u00f3n, p\u00e9rdida o utilizaci\u00f3n inadecuada de la misma por terceras personas. En caso contrario, el usuario ser\u00e1 responsable de las consecuencias o da\u00f1os que un uso fraudulento o inadecuado de las mismas pudieran causar.&nbsp;<\/li>\n<\/ul>\n\n\n\n<ul class=\"wp-block-list\">\n<li>Es el \u00fanico responsable directo en relaci\u00f3n con la reserva de amarres por medio del portal de PORTVIEW.&nbsp;<\/li>\n<\/ul>\n\n\n\n<ul class=\"wp-block-list\">\n<li>Es el \u00fanico responsable de los datos de los tripulantes de la embarcaci\u00f3n que son incluidos en la Plataforma.&nbsp;<\/li>\n<\/ul>\n\n\n\n<ul class=\"wp-block-list\">\n<li>Es el \u00fanico responsable de la validez y eficacia de la informaci\u00f3n incluida en la plataforma, as\u00ed como de la realidad de los datos contenidos en la misma, con absoluta indemnidad para PORTVIEW derivada de posibles errores, omisiones, incorrecciones o por cualquier otra causa, incluso virus que pudiera llevar incorporada la informaci\u00f3n intercambiada.&nbsp;<\/li>\n<\/ul>\n\n\n\n<ul class=\"wp-block-list\">\n<li>El usuario reconoce y acepta, voluntaria y expresamente, que el uso de la Plataforma que realice es bajo su \u00fanica y exclusiva responsabilidad en todo momento.&nbsp;<\/li>\n<\/ul>\n\n\n\n<ul class=\"wp-block-list\">\n<li>El usuario ser\u00e1 el \u00fanico responsable de disponer de los equipos y conexiones a los sistemas de PORTVIEW que permitan la puesta a disposici\u00f3n de la Plataforma. PORTVIEW no ser\u00e1 responsable de ninguno de estos equipos y conexiones.&nbsp;<\/li>\n<\/ul>\n\n\n\n<ul class=\"wp-block-list\">\n<li>Los usuarios deben abstenerse de obtener o intentar obtener cualquier informaci\u00f3n disponible en virtud de la Plataforma a trav\u00e9s de medios o procedimientos distintos de aquellos que han sido puestos a su disposici\u00f3n o indicados para dicha finalidad.&nbsp;<\/li>\n<\/ul>\n\n\n\n<ul class=\"wp-block-list\">\n<li>El usuario se compromete a realizar un uso razonable, leg\u00edtimo y de buena fe de la Plataforma en los t\u00e9rminos previstos en los presente t\u00e9rminos y condiciones.&nbsp;<\/li>\n<\/ul>\n\n\n\n<ul class=\"wp-block-list\">\n<li>El usuario no intentar\u00e1, ni permitir\u00e1 a ning\u00fan tercero, copiar, modificar, adaptar, traducir, descompilar, realizar ingenier\u00eda inversa, desmontar o de otro modo intentar descubrir el c\u00f3digo fuente de la Plataforma , ni crear trabajos derivados de la Plataforma.&nbsp;&nbsp;&nbsp;<\/li>\n<\/ul>\n\n\n\n<p><strong>10. DERECHOS DE PORTVIEW Y EXONERACI\u00d3N DE RESPONSABILIDAD DE PORTVIEW&nbsp;<\/strong>&nbsp;<\/p>\n\n\n\n<p>PORTVIEW tiene los siguientes derechos:&nbsp;<\/p>\n\n\n\n<ul class=\"wp-block-list\">\n<li>Podemos resolver unilateralmente tu acuerdo con nosotros y tu acceso a la Plataforma por cualquier motivo, notific\u00e1ndote con dos (2) d\u00edas de antelaci\u00f3n por correo electr\u00f3nico o mensaje a tu cuenta. Tambi\u00e9n podemos suspender el acceso a tu cuenta o resolver tu acuerdo con nosotros y tu acceso a la Plataforma inmediatamente y sin previo aviso en los siguientes casos:&nbsp;<\/li>\n<\/ul>\n\n\n\n<ul class=\"wp-block-list\">\n<li>Si has incumplido o creemos que has incumplido cualquiera de las Condiciones o cualquier ley aplicable.&nbsp;<\/li>\n<\/ul>\n\n\n\n<ul class=\"wp-block-list\">\n<li>Si realizas cualquier acci\u00f3n que, en nuestra opini\u00f3n, haya causado o pueda causar una p\u00e9rdida a PORTVIEW o que da\u00f1e nuestra reputaci\u00f3n.&nbsp;<\/li>\n<\/ul>\n\n\n\n<p>PORTVIEW no es responsable:&nbsp;&nbsp;<\/p>\n\n\n\n<ul class=\"wp-block-list\">\n<li>De los documentos escaneados, el contenido o los datos publicados en la Plataforma ni las opiniones de ning\u00fan Usuario.&nbsp;&nbsp;<\/li>\n<\/ul>\n\n\n\n<ul class=\"wp-block-list\">\n<li>De identificar a los tripulantes de la embarcaci\u00f3n.&nbsp;&nbsp;<\/li>\n<\/ul>\n\n\n\n<ul class=\"wp-block-list\">\n<li>De la utilizaci\u00f3n que los usuarios hagan de los materiales dispuestos en la Plataforma que infrinjan cualquier derecho de terceros.&nbsp;<\/li>\n<\/ul>\n\n\n\n<ul class=\"wp-block-list\">\n<li>De la exigencia por parte de las autoridades portuarias de aportar m\u00e1s documentaci\u00f3n o comunicar m\u00e1s datos para poder realizar el desembarque.&nbsp;&nbsp;<\/li>\n<\/ul>\n\n\n\n<ul class=\"wp-block-list\">\n<li>De los da\u00f1os y perjuicios causados a los Usuarios por imposibilidad o incapacidad de utilizar la Plataforma o cualquiera de sus servicios o funcionalidades, por un funcionamiento normal o anormal de las herramientas de la Plataforma&nbsp; y del acceso a los servicios de la Plataforma y, en general, de los errores o problemas que se generen en el desarrollo o instrumentaci\u00f3n de los servicios t\u00e9cnicos de la Plataforma.&nbsp;<\/li>\n<\/ul>\n\n\n\n<ul class=\"wp-block-list\">\n<li>De los contenidos de las p\u00e1ginas web a las que los usuarios puedan acceder desde enlaces incluidos en la Plataforma.&nbsp;<\/li>\n<\/ul>\n\n\n\n<ul class=\"wp-block-list\">\n<li>De los actos u omisiones de otros usuarios o de terceros, con independencia de que estos terceros pudieran mantener cualquier relaci\u00f3n contractual con PORTVIEW.&nbsp;<\/li>\n<\/ul>\n\n\n\n<ul class=\"wp-block-list\">\n<li>De los da\u00f1os y perjuicios que puedan derivarse de la presencia de virus u otros elementos lesivos en la Plataforma. Los Usuarios deben utilizar sus propios software antivirus.&nbsp;<\/li>\n<\/ul>\n\n\n\n<ul class=\"wp-block-list\">\n<li>De errores o retrasos en el acceso a la Plataforma por parte de los usuarios.&nbsp;&nbsp;<\/li>\n<\/ul>\n\n\n\n<ul class=\"wp-block-list\">\n<li>De disponibilidad de Internet ni de errores o incidencias en las conexiones, dispositivos, equipos o software.&nbsp;&nbsp;<\/li>\n<\/ul>\n\n\n\n<ul class=\"wp-block-list\">\n<li>De la compatibilidad de la Plataforma con todos los dispositivos y sistemas operativos.&nbsp;<\/li>\n<\/ul>\n\n\n\n<ul class=\"wp-block-list\">\n<li>De mantener la Plataforma constantemente operativa.&nbsp;<\/li>\n<\/ul>\n\n\n\n<ul class=\"wp-block-list\">\n<li>De la p\u00e9rdida, robo o imposibilidad de acceso por cualquier motivo a la cuenta de usuarios.&nbsp;&nbsp;<\/li>\n<\/ul>\n\n\n\n<ul class=\"wp-block-list\">\n<li>De la informaci\u00f3n contenida en la biblioteca de su m\u00f3vil y cuyo acceso es necesario para el correcto funcionamiento de la Plataforma.&nbsp;&nbsp;<\/li>\n<\/ul>\n\n\n\n<p>Queda expresamente excluida cualquier garant\u00eda que pueda aplicarse a PORTVIEW ni a la Plataforma que no est\u00e9 expresamente recogida en las Condiciones o que resulte imperativa seg\u00fan la ley.&nbsp;<\/p>\n\n\n\n<p>PORTVIEW ni ninguna de sus sociedades filiales, empleados, socios, prestadores de servicios, administradores ni colaboradores ser\u00e1n responsables por ning\u00fan da\u00f1o o p\u00e9rdida (incluyendo p\u00e9rdida de dinero, de ingresos, de ganancias, de oportunidades de negocio, lucro cesante, da\u00f1os directos, indirectos o consecuenciales) que surjan de o en relaci\u00f3n con el uso de la Plataforma.&nbsp;<\/p>\n\n\n\n<p><strong>11. ENLACE HACIA Y DESDE LA PLATAFORMA<\/strong>&nbsp;<\/p>\n\n\n\n<p>PORTVIEW no garantiza ni asume ning\u00fan tipo de responsabilidad por los da\u00f1os y p\u00e9rdidas sufridos por el acceso a la Plataforma a trav\u00e9s de conexiones, v\u00ednculos o enlaces de sitios de terceros.&nbsp;<\/p>\n\n\n\n<p>Puedes vincularte a la p\u00e1gina de inicio de la Plataforma, siempre que lo hagas de una manera legal, clara, transparente y que no da\u00f1e nuestra reputaci\u00f3n ni te aproveches de ella. No debes establecer un enlace de tal manera que suponga ninguna forma de aprobaci\u00f3n, asociaci\u00f3n o respaldo por parte de PORTVIEW. Queda expresamente prohibida la introducci\u00f3n de hiperenlaces con fines mercantiles en p\u00e1ginas web ajenas a PORTVIEW que permitan el acceso a la Plataforma sin consentimiento expreso de PORTVIEW.&nbsp;<\/p>\n\n\n\n<p>En caso de que la Plataforma contenga enlaces a sitios y recursos de terceros, dichos enlaces no deben interpretarse como la aprobaci\u00f3n por parte de PORTVIEW de esos sitios web ni de la informaci\u00f3n que puedan contener. PORTVIEW no acepta ninguna responsabilidad sobre el contenido de dichos sitios o recursos, por su seguridad ni, en consecuencia, por cualquier p\u00e9rdida o da\u00f1o que pueda derivarse del acceso a los mismos. Si decides acceder a cualquiera de los sitios web de terceros vinculados a la Plataforma lo haces bajo tu propio riesgo y sujeto a los t\u00e9rminos y condiciones de dichos sitios web.&nbsp;<\/p>\n\n\n\n<p><strong>12. GENERALIDADES<\/strong>&nbsp;<\/p>\n\n\n\n<p>El hecho de que no ejercitemos un derecho, interpongamos una reclamaci\u00f3n o no hagamos cumplir cualquier aspecto de las Condiciones no podr\u00e1 entenderse en ning\u00fan caso como una renuncia de PORTVIEW.&nbsp;<\/p>\n\n\n\n<p>Si cualquier aspecto de las Condiciones no es ejecutable, el resto permanecer\u00e1 en vigor.&nbsp;<\/p>\n\n\n\n<p>Los derechos y obligaciones de PORTVIEW pueden ser cedidos a terceros libremente. Los derechos y obligaciones de los usuarios no pueden ser cedidos a terceros sin el consentimiento previo y por escrito de PORTVIEW.&nbsp;&nbsp;<\/p>\n\n\n\n<p><strong>13. TRATAMIENTO DE DATOS Y UTILIZACI\u00d3N DE COOKIES<\/strong>&nbsp;<\/p>\n\n\n\n<p>De acuerdo con lo dispuesto en la Ley Org\u00e1nica 3\/2018, de 5 de diciembre, de Protecci\u00f3n de Datos Personales y Garant\u00eda de los Derechos Digitales y el Reglamento General de Protecci\u00f3n de Datos Personales 2016\/679 del Parlamento Europeo y del Consejo, te informamos de que los datos personales que nos facilites a trav\u00e9s de la Plataforma o mediante env\u00edo de correos electr\u00f3nicos, ser\u00e1n incorporados a los ficheros y tratamientos de PORTVIEW para las finalidades descritas en la Pol\u00edtica de Privacidad, la cual deber\u00e1 ser le\u00edda, comprendida y aceptada para la utilizaci\u00f3n de la Plataforma.&nbsp;&nbsp;<\/p>\n\n\n\n<p>PORTVIEW se compromete al cumplimiento de la obligaci\u00f3n de secreto de los datos de car\u00e1cter personal. Por ello, ha adoptado las medidas necesarias para evitar su alteraci\u00f3n, p\u00e9rdida, tratamiento o acceso no autorizado, habida cuenta en todo momento del estado de la tecnolog\u00eda.&nbsp;&nbsp;<\/p>\n\n\n\n<p>En los formularios que recaben datos personales, cada usuario ser\u00e1 informado sobre las finalidades para las que se recaben los datos. El usuario responder\u00e1, en cualquier caso, de la veracidad de los datos facilitados.&nbsp;&nbsp;<\/p>\n\n\n\n<p>Por otra parte, te informamos de que por visitar la Plataforma no queda registrado de forma autom\u00e1tica ning\u00fan dato de car\u00e1cter personal que identifique a un usuario. En cambio, existe determinada informaci\u00f3n de car\u00e1cter no personal y no identificable con un usuario concreto que se recoge durante la sesi\u00f3n en directo a trav\u00e9s de dispositivos denominados \u201ccookies\u201d que nos permiten obtener informaci\u00f3n estad\u00edstica sobre el uso de la Plataforma para luego poder realizar mejoras. Todo usuario debe consultar nuestra Pol\u00edtica de Cookies para navegar por la Plataforma.&nbsp;<\/p>\n\n\n\n<p>En cualquier caso, todos los usuarios tienen derecho a ejercitar, en cualquier momento, los derechos de acceso, rectificaci\u00f3n, limitaci\u00f3n del tratamiento, suspensi\u00f3n, oposici\u00f3n y portabilidad de datos que le asisten, mediante escrito dirigido a PORTVIEW a la direcci\u00f3n privacidad@ports.tech. En el caso de que lo consideres, puedes presentar una reclamaci\u00f3n ante la Agencia Espa\u00f1ola de Protecci\u00f3n de Datos.&nbsp;&nbsp;<\/p>\n\n\n\n<p><strong>14. LEY APLICABLE Y JURISDICCI\u00d3N<\/strong>&nbsp;<\/p>\n\n\n\n<p>Estos CONDICIONES se regir\u00e1n e interpretar\u00e1n de acuerdo con la legislaci\u00f3n de Espa\u00f1a y se someter\u00e1n a los Tribunales de la ciudad de Valencia y sus superiores jer\u00e1rquicos.&nbsp;<\/p>\n","protected":false},"excerpt":{"rendered":"<p>1. INTRODUCCI\u00d3N. ACEPTACI\u00d3N DE LOS T\u00c9RMINOS Y CONDICIONES&nbsp; El presente documento (conjuntamente con todos los documentos en \u00e9l mencionados) establece las condiciones por las que se rige el uso de PORTVIEW PLATAFORMA (la \u201cPlataforma\u201d) y la contrataci\u00f3n de servicios (en adelante, las \u201cCondiciones\u201d), cualquiera que sea el aplicativo, medio digital, soporte o dispositivo a trav\u00e9s [&hellip;]<\/p>\n","protected":false},"author":1,"featured_media":0,"parent":0,"menu_order":12,"comment_status":"closed","ping_status":"closed","template":"","meta":{"_acf_changed":false,"footnotes":""},"class_list":["post-12","page","type-page","status-publish","hentry"],"acf":[],"_links":{"self":[{"href":"https:\/\/portview.app\/en\/wp-json\/wp\/v2\/pages\/12","targetHints":{"allow":["GET"]}}],"collection":[{"href":"https:\/\/portview.app\/en\/wp-json\/wp\/v2\/pages"}],"about":[{"href":"https:\/\/portview.app\/en\/wp-json\/wp\/v2\/types\/page"}],"author":[{"embeddable":true,"href":"https:\/\/portview.app\/en\/wp-json\/wp\/v2\/users\/1"}],"replies":[{"embeddable":true,"href":"https:\/\/portview.app\/en\/wp-json\/wp\/v2\/comments?post=12"}],"version-history":[{"count":4,"href":"https:\/\/portview.app\/en\/wp-json\/wp\/v2\/pages\/12\/revisions"}],"predecessor-version":[{"id":1447,"href":"https:\/\/portview.app\/en\/wp-json\/wp\/v2\/pages\/12\/revisions\/1447"}],"wp:attachment":[{"href":"https:\/\/portview.app\/en\/wp-json\/wp\/v2\/media?parent=12"}],"curies":[{"name":"wp","href":"https:\/\/api.w.org\/{rel}","templated":true}]}}