{"id":13,"date":"2025-01-03T17:36:01","date_gmt":"2025-01-03T16:36:01","guid":{"rendered":"https:\/\/desarrollo.portview.app\/?page_id=13"},"modified":"2025-04-19T12:54:00","modified_gmt":"2025-04-19T10:54:00","slug":"politica-de-privacidad","status":"publish","type":"page","link":"https:\/\/portview.app\/en\/politica-de-privacidad\/","title":{"rendered":"Legal Notice and Privacy Policy"},"content":{"rendered":"\n<div class=\"wp-block-group gut-toc\"><div class=\"wp-block-group__inner-container is-layout-constrained wp-block-group-is-layout-constrained\">\n<p><strong><a href=\"#s1\" data-type=\"internal\" data-id=\"#s1\">1. Pol\u00edtica de Privacidad y Seguridad.<\/a><\/strong><\/p>\n\n\n\n<p><strong><a href=\"#s2\">2. Definici\u00f3n de dato personal<\/a><\/strong><\/p>\n\n\n\n<p><strong><a href=\"#s3\">3. Tratamientos y finalidades de los datos recogidos<\/a><\/strong><\/p>\n\n\n\n<p><strong><a href=\"#s4\">4. Comunicaci\u00f3n de sus datos personales a terceros<\/a><\/strong><\/p>\n\n\n\n<p><strong><a href=\"#s5\">5. Seguridad de sus datos personales<\/a><\/strong><\/p>\n\n\n\n<p><strong><a href=\"#s6\">6. Informaci\u00f3n sobre la Utilizaci\u00f3n de cookies<\/a><\/strong><\/p>\n\n\n\n<p><strong><a href=\"#s7\">7. Derechos de los usuarios.\u00a0<\/a><\/strong><\/p>\n\n\n\n<p><strong><a href=\"#s8\">8. \u00bfNo desea recibir informaci\u00f3n de nosotros o desea revocar su consentimiento?<\/a><\/strong><\/p>\n\n\n\n<p><strong><a href=\"#s9\">9. Cambios a la Pol\u00edtica de Privacidad.<\/a><\/strong><\/p>\n<\/div><\/div>\n\n\n\n<p id=\"s1\"><strong>1. Pol\u00edtica de Privacidad y Seguridad.<\/strong><br>La siguiente informaci\u00f3n sobre nuestra Pol\u00edtica de Privacidad refleja el compromiso de PORT SOFTWARE SOLUTIONS S.L., (en adelante, \u201c<strong>PORT<\/strong>\u201d), como responsable del tratamiento, por mantener y garantizar relaciones comerciales seguras mediante la protecci\u00f3n de los datos personales, garantizando el derecho a la privacidad de cada uno de los usuarios de nuestros servicios. En este documento explicamos c\u00f3mo utilizamos los datos personales durante el uso de nuestros servicios.<\/p>\n\n\n\n<p id=\"s2\"><strong>2. Definici\u00f3n de dato personal<\/strong><br>Como &#8220;Dato Personal&#8221; debemos entender cualquier informaci\u00f3n concerniente a una persona f\u00edsica identificada o identificable. Entre otros, se incluyen el nombre, apellidos, la direcci\u00f3n postal y electr\u00f3nica, as\u00ed como el n\u00famero de tel\u00e9fono.<\/p>\n\n\n\n<p id=\"s3\"><strong>3. Tratamientos y finalidades de los datos recogidos<\/strong><br>Cualquier dato personal que nos facilite al visitar nuestro portal web ser\u00e1 tratado de conformidad con las normas de protecci\u00f3n de datos y s\u00f3lo ser\u00e1n recogidos, tratados y utilizados para fines l\u00edcitos, leg\u00edtimos e informados. Por ello, detallamos todas las finalidades con las que PORT utiliza datos personales:<\/p>\n\n\n\n<p><strong>Por el env\u00edo de formularios de contacto o correos electr\u00f3nicos:<\/strong><\/p>\n\n\n\n<ul class=\"wp-block-list\">\n<li>Finalidad: Poder responder a las consultas planteadas y ponerse en contacto con el usuario para resolver las dudas o cuestiones planteadas.<\/li>\n\n\n\n<li>Legitimaci\u00f3n: La base leg\u00edtima con la que se tratar\u00e1n los datos reside en la ejecuci\u00f3n de las medidas precontractuales solicitadas y\/o el consentimiento prestado.<\/li>\n\n\n\n<li>Plazos de conservaci\u00f3n: Los datos ser\u00e1n conservados durante el tiempo necesario para responder a las cuestiones planteadas.<\/li>\n<\/ul>\n\n\n\n<p><strong>Por el registro como usuario<\/strong><\/p>\n\n\n\n<ul class=\"wp-block-list\">\n<li>Finalidad: Gestionar su acceso como usuario registrado y remitirle informaci\u00f3n comercial a trav\u00e9s de medios electr\u00f3nicos.<\/li>\n\n\n\n<li>Legitimaci\u00f3n: La base leg\u00edtima con la que se tratar\u00e1n los datos reside en la ejecuci\u00f3n de las medidas precontractuales solicitadas.<\/li>\n\n\n\n<li>Plazos de conservaci\u00f3n: Los datos ser\u00e1n conservados durante el tiempo necesario para cumplir con las obligaciones legales pertinentes, como por ejemplo, fiscales.<\/li>\n<\/ul>\n\n\n\n<p><strong>Transacciones comerciales para configurar la plataforma:<\/strong><\/p>\n\n\n\n<ul class=\"wp-block-list\">\n<li>Finalidad: Realizar las transacciones comerciales para la configuraci\u00f3n de la plataforma.<\/li>\n\n\n\n<li>Legitimaci\u00f3n: La base leg\u00edtima con la que se tratar\u00e1n los datos reside en la ejecuci\u00f3n de las medidas contractuales solicitadas.<\/li>\n\n\n\n<li>Plazos de conservaci\u00f3n: Los datos ser\u00e1n conservados durante todo el tiempo que el usuario tenga una cuenta activa y en el caso de que el usuario elimine la cuenta durante el plazo necesario para cumplir con obligaciones legales pertinentes, como por ejemplo a t\u00edtulo enunciativo pero no limitativo: obligaciones fiscales y tributarias.<\/li>\n<\/ul>\n\n\n\n<p>Desde PORT informaremos a todos los usuarios el car\u00e1cter no obligatorio de la recogida de determinados datos de car\u00e1cter personal, salvo en los campos que se indique lo contrario. No obstante, la no cumplimentaci\u00f3n de dichos datos podr\u00e1 impedir a PORT prestar todos aquellos Servicios vinculados a tales datos, liber\u00e1ndonos de toda responsabilidad por la no prestaci\u00f3n o prestaci\u00f3n incompleta de estos Servicios.<\/p>\n\n\n\n<p>Corresponde al usuario la obligaci\u00f3n de facilitar los datos de manera veraz y mantenerlos actualizados, por lo que PORT se reserva el derecho de excluir de los servicios y proceder a la cancelaci\u00f3n del servicio a todo usuario que haya facilitado datos falsos, sin perjuicio de las dem\u00e1s acciones que procedan en Derecho.&nbsp;<\/p>\n\n\n\n<p>Sus datos personales NO ser\u00e1n cedidos a ninguna otra empresa. En el caso de que fuera necesario comunicar su informaci\u00f3n a otra entidad, se solicitar\u00eda su consentimiento expreso antes de realizar la comunicaci\u00f3n.<\/p>\n\n\n\n<p id=\"s4\"><strong>4. Comunicaci\u00f3n de sus datos personales a terceros<\/strong><br>Sus datos personales podr\u00e1n ser comunicados a la plataforma en la que se publica el contenido, o que enlaza al login de PORT s\u00f3lo cuando sea necesario. En el caso de que fuera necesario comunicar su informaci\u00f3n a alg\u00fan tercero se solicitar\u00eda su consentimiento. Para cumplir las finalidades indicadas en la presente Pol\u00edtica de Privacidad, es necesario que demos acceso a tus datos personales a terceras partes que nos presten apoyo en los servicios que te ofrecemos, por ejemplo; proveedores de servicios tecnol\u00f3gicos.<br>Por otra parte, para el correcto funcionamiento de la plataforma, el PUERTO ha contratado diferentes soluciones tecnol\u00f3gicas con varios proveedores que tienen la condici\u00f3n de encargado de tratamiento. Con todos ellos, se ha firmado el correspondiente contrato que regula el tratamiento de la informaci\u00f3n correcta conforme a las obligaciones del Reglamento Europeo de Protecci\u00f3n de Datos<\/p>\n\n\n\n<p id=\"s5\"><strong>5. Seguridad de sus datos personales<\/strong><br>PORT tiene una preocupaci\u00f3n especial por garantizar la seguridad de sus datos personales. Sus datos son almacenados en nuestros sistemas de informaci\u00f3n, donde hemos adoptado e implantado medidas de seguridad, t\u00e9cnicas y organizativas, para prevenir cualquier p\u00e9rdida o uso no autorizado por terceros, por ejemplo nuestros portales web utilizan protocolos de cifrado de datos Https.<\/p>\n\n\n\n<p id=\"s6\"><strong>6. Informaci\u00f3n sobre la Utilizaci\u00f3n de cookies<\/strong><br>Por el mero hecho de visitar el presente portal web o utilizar los servicios de PORT no queda registrado de forma autom\u00e1tica ning\u00fan dato de car\u00e1cter personal que identifique a un Usuario. Sin embargo, le informamos que durante la navegaci\u00f3n por el Sitio Web se utilizan &#8220;cookies&#8221;, peque\u00f1os ficheros de datos que se generan en el ordenador del internauta y que nos permiten obtener la siguiente informaci\u00f3n anal\u00edtica:<br>a) La fecha y hora de acceso a la Web, permitiendo saber las horas de m\u00e1s afluencia, y hacer los ajustes precisos para evitar problemas de saturaci\u00f3n en nuestras horas punta.<br>b) El n\u00famero de visitantes diarios de cada secci\u00f3n, permitiendo conocer las \u00e1reas de m\u00e1s \u00e9xito y aumentar y mejorar su contenido, con el fin de que los usuarios obtengan un resultado m\u00e1s satisfactorio y mejorar el dise\u00f1o de los contenidos.\u00a0<br>c) La fecha y hora de la \u00faltima vez que el usuario visit\u00f3 el Sitio Web para realizar estudios anal\u00edticos y estad\u00edsticos sobre el uso que tiene la web.\u00a0<br>d) Elementos de seguridad que intervienen en el control de acceso a las \u00e1reas restringidas.\u00a0<br>Para m\u00e1s informaci\u00f3n visite nuestra pol\u00edtica de cookies.<\/p>\n\n\n\n<p id=\"s7\"><strong>7. Derechos de los usuarios.\u00a0<\/strong><br>Todos los usuarios \u00a0pueden ejercitar cualquier de los derechos otorgados por la normativa de protecci\u00f3n de datos, como el derecho de acceso, rectificaci\u00f3n, limitaci\u00f3n del tratamiento, supresi\u00f3n, portabilidad de datos y oposici\u00f3n que le asisten mediante escrito dirigido a la direcci\u00f3n electr\u00f3nica a nuestro delegado de protecci\u00f3n de datos [*]. Y en el caso de que lo estime oportuno podr\u00e1 presentar reclamaci\u00f3n ante la Agencia Espa\u00f1ola de Protecci\u00f3n.<\/p>\n\n\n\n<p id=\"s8\"><strong>8. \u00bfNo desea recibir informaci\u00f3n de nosotros o desea revocar su consentimiento?<\/strong><br>Cualquier usuario puede oponerse al uso de su informaci\u00f3n para fines publicitarios, investigaciones de mercado o desarrollo de encuestas de satisfacci\u00f3n, as\u00ed como revocar su consentimiento en cualquier momento (sin efecto retroactivo). Para ello, deber\u00e1 enviar un correo electr\u00f3nico a la direcci\u00f3n [*].\u00a0 Cuando reciba publicidad por correo electr\u00f3nico, tambi\u00e9n podr\u00e1 oponer desde dicho correo electr\u00f3nico, pinchando en el enlace incluido en el mismo y siguiendo las instrucciones que le sean facilitadas.\u00a0<\/p>\n\n\n\n<p id=\"s9\"><strong>9. Cambios a la Pol\u00edtica de Privacidad.<\/strong><br>Nuestra Pol\u00edtica de Privacidad podr\u00e1 sufrir actualizaciones, debidas a cambios y necesidades legales, as\u00ed como debidas a mejoras y cambios incluidos en la forma de ofrecer y prestar nuestros servicios. Por ello, le recomendamos que visite y acceda a nuestra Pol\u00edtica de Privacidad peri\u00f3dicamente, para poder tener acceso y conocer los \u00faltimos cambios que hayan podido ser incorporados. En caso de que dichos cambios guarden relaci\u00f3n con el consentimiento prestado por el usuario, en tal caso le ser\u00e1 enviada una notificaci\u00f3n independiente y por separado para recabarlo nuevamente.<br>Si durante la lectura le ha surgido alguna duda o cuesti\u00f3n sobre nuestra Pol\u00edtica de Privacidad o quiere ejercitar alg\u00fan derecho o acci\u00f3n relativa a sus datos personales, por favor p\u00f3ngase en contacto con nosotros en la siguiente direcci\u00f3n de correo electr\u00f3nico [*]<\/p>\n","protected":false},"excerpt":{"rendered":"<p>1. Pol\u00edtica de Privacidad y Seguridad. 2. Definici\u00f3n de dato personal 3. Tratamientos y finalidades de los datos recogidos 4. Comunicaci\u00f3n de sus datos personales a terceros 5. Seguridad de sus datos personales 6. Informaci\u00f3n sobre la Utilizaci\u00f3n de cookies 7. Derechos de los usuarios.\u00a0 8. \u00bfNo desea recibir informaci\u00f3n de nosotros o desea revocar [&hellip;]<\/p>\n","protected":false},"author":1,"featured_media":0,"parent":0,"menu_order":13,"comment_status":"closed","ping_status":"closed","template":"","meta":{"_acf_changed":false,"footnotes":""},"class_list":["post-13","page","type-page","status-publish","hentry"],"acf":[],"_links":{"self":[{"href":"https:\/\/portview.app\/en\/wp-json\/wp\/v2\/pages\/13","targetHints":{"allow":["GET"]}}],"collection":[{"href":"https:\/\/portview.app\/en\/wp-json\/wp\/v2\/pages"}],"about":[{"href":"https:\/\/portview.app\/en\/wp-json\/wp\/v2\/types\/page"}],"author":[{"embeddable":true,"href":"https:\/\/portview.app\/en\/wp-json\/wp\/v2\/users\/1"}],"replies":[{"embeddable":true,"href":"https:\/\/portview.app\/en\/wp-json\/wp\/v2\/comments?post=13"}],"version-history":[{"count":12,"href":"https:\/\/portview.app\/en\/wp-json\/wp\/v2\/pages\/13\/revisions"}],"predecessor-version":[{"id":989,"href":"https:\/\/portview.app\/en\/wp-json\/wp\/v2\/pages\/13\/revisions\/989"}],"wp:attachment":[{"href":"https:\/\/portview.app\/en\/wp-json\/wp\/v2\/media?parent=13"}],"curies":[{"name":"wp","href":"https:\/\/api.w.org\/{rel}","templated":true}]}}